{"id":290,"date":"2026-04-16T14:47:12","date_gmt":"2026-04-16T14:47:12","guid":{"rendered":"https:\/\/www.wuf.lu\/?page_id=290"},"modified":"2026-04-22T12:50:48","modified_gmt":"2026-04-22T12:50:48","slug":"impressum","status":"publish","type":"page","link":"https:\/\/www.wuf.lu\/fr\/impressum\/","title":{"rendered":"Mentions l\u00e9gales"},"content":{"rendered":"<div data-elementor-type=\"wp-page\" data-elementor-id=\"290\" class=\"elementor elementor-290\" data-elementor-post-type=\"page\">\n\t\t\t\t\t\t<div class=\"elementor-element elementor-element-087b9be e-con e-atomic-element e-flexbox-base fullwidthSection\" data-id=\"087b9be\" data-element_type=\"e-flexbox\" data-e-type=\"e-flexbox\" data-interaction-id=\"087b9be\">\n\t\t\t\t\t\t\t<h1 \n\t\tdata-interaction-id=\"5fd2a05\" \n\t\tclass=\"e-5fd2a05-96300ab e-heading-base\" \n\t\t \n\t\tdata-e-type=\"widget\" data-id=\"5fd2a05\"\n\t>\n\t\n\t\t\tMentions l\u00e9gales\n\t\t<\/h1>\n\t\t\t\t<div class=\"elementor-element elementor-element-ab24b17 elementor-widget elementor-widget-text-editor\" data-id=\"ab24b17\" data-element_type=\"widget\" data-e-type=\"widget\" data-widget_type=\"text-editor.default\">\n\t\t\t\t\t\t\t\t\t<p><strong>Wagner und Freymuth Chauffage Sanitaire S.\u00e0 r.l.<\/strong><br \/>54, rue de Remich<br \/>L \u2013 5442 Roedt<br \/>Luxembourg<\/p><p>T\u00e9l\u00e9phone: +352 26 35 22 20<\/p><p>Responsable du contenu :<br \/>David Freymuth<\/p><p>Immatricul\u00e9e au Registre de Commerce et des Soci\u00e9t\u00e9s (RCS) sous le num\u00e9ro : B206529<\/p><h2><strong>Clause de non-responsabilit\u00e9:<\/strong><\/h2><h4 data-start=\"355\" data-end=\"379\">Responsabilit\u00e9 pour les contenus<\/h4><p data-start=\"381\" data-end=\"546\">Les contenus de notre site internet ont \u00e9t\u00e9 \u00e9labor\u00e9s avec le plus grand soin. Toutefois, nous ne pouvons garantir l\u2019exactitude, l\u2019exhaustivit\u00e9 ni l\u2019actualit\u00e9 des informations fournies.\n\nEn tant que prestataire de services, nous sommes responsables de nos propres contenus sur ce site conform\u00e9ment aux dispositions l\u00e9gales en vigueur au Luxembourg. Nous ne sommes toutefois pas tenus de surveiller les informations transmises ou stock\u00e9es par des tiers, ni de rechercher activement des indices d\u2019une activit\u00e9 illicite.\n\nLes obligations de suppression ou de blocage de l\u2019utilisation d\u2019informations conform\u00e9ment aux dispositions l\u00e9gales g\u00e9n\u00e9rales restent inchang\u00e9es. Une responsabilit\u00e9 ne peut toutefois \u00eatre engag\u00e9e qu\u2019\u00e0 partir du moment o\u00f9 une violation concr\u00e8te de la loi est port\u00e9e \u00e0 notre connaissance. D\u00e8s que nous avons connaissance de telles violations, nous supprimerons imm\u00e9diatement les contenus concern\u00e9s.<\/p><h4 data-start=\"1233\" data-end=\"1255\">Responsabilit\u00e9 pour les liens<\/h4><p data-start=\"1257\" data-end=\"1429\">Notre site internet contient des liens vers des sites externes de tiers sur lesquels nous n\u2019avons aucun contr\u00f4le. Par cons\u00e9quent, nous ne pouvons assumer aucune responsabilit\u00e9 quant \u00e0 ces contenus externes.\n\nLe fournisseur ou l\u2019exploitant respectif des pages li\u00e9es est toujours responsable du contenu de celles-ci. Les pages li\u00e9es ont \u00e9t\u00e9 v\u00e9rifi\u00e9es au moment de la mise en lien afin de d\u00e9tecter d\u2019\u00e9ventuelles violations de la loi. Aucun contenu illicite n\u2019\u00e9tait identifiable \u00e0 ce moment-l\u00e0.\n\nUn contr\u00f4le permanent du contenu des pages li\u00e9es n\u2019est pas raisonnable sans indices concrets d\u2019une violation de la loi. D\u00e8s que nous avons connaissance de violations, nous supprimerons imm\u00e9diatement ces liens.<\/p><h4 data-start=\"1931\" data-end=\"1948\">Droit d\u2019auteur<\/h4><p data-start=\"1950\" data-end=\"2122\">Les contenus, textes, images et \u0153uvres publi\u00e9s sur ce site sont soumis au droit d\u2019auteur luxembourgeois ainsi qu\u2019aux dispositions europ\u00e9ennes applicables.\n\nToute reproduction, modification, diffusion ou exploitation en dehors des limites du droit d\u2019auteur n\u00e9cessite l\u2019autorisation \u00e9crite pr\u00e9alable du titulaire des droits concern\u00e9.\n\nLes t\u00e9l\u00e9chargements et copies de ce site sont autoris\u00e9s uniquement pour un usage priv\u00e9 et non commercial.\n\nDans la mesure o\u00f9 les contenus de ce site n\u2019ont pas \u00e9t\u00e9 cr\u00e9\u00e9s par l\u2019exploitant, les droits d\u2019auteur de tiers sont respect\u00e9s et les contenus correspondants sont identifi\u00e9s comme tels. Si vous constatez n\u00e9anmoins une violation du droit d\u2019auteur, nous vous prions de nous en informer. D\u00e8s que nous avons connaissance de violations, nous supprimerons imm\u00e9diatement les contenus concern\u00e9s.<\/p>\t\t\t\t\t\t\t\t<\/div>\n\t\t\t\t<\/div>\n\t\t\t\t<\/div>","protected":false},"excerpt":{"rendered":"<p>Impressum Wagner und Freymuth Chauffage Sanitaire S.\u00e0 r.l.54, rue de RemichL \u2013 5442 RoedtLuxemburg Telefon: +352 26 35 22 20 Verantwortlich f\u00fcr den Inhalt:David Freymuth RCS-registriert unter Nummer:\u00a0B206529 Haftungsausschluss: Haftung f\u00fcr Inhalte Die Inhalte unserer Website wurden mit gr\u00f6\u00dfter Sorgfalt erstellt. F\u00fcr die Richtigkeit, Vollst\u00e4ndigkeit und Aktualit\u00e4t der Inhalte \u00fcbernehmen wir jedoch keine Gew\u00e4hr. Als [&hellip;]<\/p>\n","protected":false},"author":1,"featured_media":0,"parent":0,"menu_order":0,"comment_status":"closed","ping_status":"closed","template":"","meta":{"footnotes":""},"class_list":["post-290","page","type-page","status-publish","hentry"],"_links":{"self":[{"href":"https:\/\/www.wuf.lu\/fr\/wp-json\/wp\/v2\/pages\/290","targetHints":{"allow":["GET"]}}],"collection":[{"href":"https:\/\/www.wuf.lu\/fr\/wp-json\/wp\/v2\/pages"}],"about":[{"href":"https:\/\/www.wuf.lu\/fr\/wp-json\/wp\/v2\/types\/page"}],"author":[{"embeddable":true,"href":"https:\/\/www.wuf.lu\/fr\/wp-json\/wp\/v2\/users\/1"}],"replies":[{"embeddable":true,"href":"https:\/\/www.wuf.lu\/fr\/wp-json\/wp\/v2\/comments?post=290"}],"version-history":[{"count":16,"href":"https:\/\/www.wuf.lu\/fr\/wp-json\/wp\/v2\/pages\/290\/revisions"}],"predecessor-version":[{"id":450,"href":"https:\/\/www.wuf.lu\/fr\/wp-json\/wp\/v2\/pages\/290\/revisions\/450"}],"wp:attachment":[{"href":"https:\/\/www.wuf.lu\/fr\/wp-json\/wp\/v2\/media?parent=290"}],"curies":[{"name":"wp","href":"https:\/\/api.w.org\/{rel}","templated":true}]}}